{"id":4383,"date":"2025-08-20T09:46:23","date_gmt":"2025-08-20T07:46:23","guid":{"rendered":"https:\/\/gemkibo.pl\/?post_type=product&#038;p=4383"},"modified":"2026-01-29T06:22:34","modified_gmt":"2026-01-29T05:22:34","slug":"gemkibo-caffeine-boost-90-tabletek","status":"publish","type":"product","link":"https:\/\/gemkibo.pl\/de\/produkt\/gemkibo-caffeine-boost-90-tabletek\/","title":{"rendered":"Gemkibo \u2013 Caffeine Boost \u2013 90 Tabletten"},"content":{"rendered":"","protected":false},"excerpt":{"rendered":"<p class=\"translation-block\"><strong>Gemkibo Caffeine Boost<\/strong> ist ein Nahrungserg\u00e4nzungsmittel f\u00fcr k\u00f6rperlich und geistig aktive Personen, die eine zus\u00e4tzliche Dosis Energie, Konzentration und Wachsamkeit ben\u00f6tigen. Jede Tablette liefert Koffein in hoher Konzentration und unterst\u00fctzt so die Leistungsf\u00e4higkeit des K\u00f6rpers sowohl bei k\u00f6rperlicher Anstrengung als auch in Phasen intensiver geistiger Belastung. Das Produkt ist nicht f\u00fcr Kinder, schwangere oder stillende Frauen bestimmt.<\/p>\n<p><img decoding=\"async\" class=\"wd-lazy-fade alignnone wp-image-2121 size-full\" src=\"https:\/\/gemkibo.pl\/wp-content\/themes\/woodmart\/images\/lazy.svg\" data-src=\"\/wp-content\/uploads\/2025\/08\/f1146a22-b348-4d88-bc26-dd44141a6385.jpeg\" alt=\"\" width=\"590\" height=\"590\" data-wp-pid=\"2121\" \/><\/p>\n<hr \/>","protected":false},"featured_media":4384,"comment_status":"open","ping_status":"closed","template":"","meta":{"_acf_changed":false,"_monsterinsights_skip_tracking":false,"_monsterinsights_sitenote_active":false,"_monsterinsights_sitenote_note":"","_monsterinsights_sitenote_category":0},"product_brand":[251],"product_cat":[203,176,182,183,213],"product_tag":[],"class_list":{"0":"post-4383","1":"product","2":"type-product","3":"status-publish","4":"has-post-thumbnail","6":"product_brand-gemkibo","7":"product_cat-energia-i-koncentracja","8":"product_cat-suplementy","9":"product_cat-suplementy-na-odchudzanie","10":"product_cat-suplementy-na-redukcje-i-rzezbe","11":"product_cat-suplementy-na-regeneracje-i-zmeczenie","13":"first","14":"outofstock","15":"taxable","16":"shipping-taxable","17":"purchasable","18":"product-type-simple"},"acf":[],"yoast_head":"<!-- This site is optimized with the Yoast SEO plugin v27.3 - https:\/\/yoast.com\/product\/yoast-seo-wordpress\/ -->\n<title>Gemkibo - Caffeine Boost - 90 tabletek | Gemkibo<\/title>\n<meta name=\"robots\" content=\"index, follow, max-snippet:-1, max-image-preview:large, max-video-preview:-1\" \/>\n<link rel=\"canonical\" href=\"https:\/\/gemkibo.pl\/de\/product\/gemkibo-caffeine-boost-90-tabletek\/\" \/>\n<script type=\"application\/ld+json\" class=\"yoast-schema-graph\">{\"@context\":\"https:\\\/\\\/schema.org\",\"@graph\":[{\"@type\":\"BreadcrumbList\",\"@id\":\"https:\\\/\\\/gemkibo.pl\\\/de\\\/product\\\/gemkibo-caffeine-boost-90-tabletek\\\/#breadcrumb\",\"itemListElement\":[{\"@type\":\"ListItem\",\"position\":1,\"name\":\"Strona g\u0142\u00f3wna\",\"item\":\"https:\\\/\\\/gemkibo.pl\\\/\"},{\"@type\":\"ListItem\",\"position\":2,\"name\":\"Sklep\",\"item\":\"https:\\\/\\\/gemkibo.pl\\\/de\\\/shop\\\/\"},{\"@type\":\"ListItem\",\"position\":3,\"name\":\"Gemkibo &#8211; Caffeine Boost &#8211; 90 tabletek\"}]}]}<\/script>\n<!-- \/ Yoast SEO plugin. -->","yoast_head_json":{"title":"Gemkibo - Caffeine Boost - 90 tabletek | Gemkibo","robots":{"index":"index","follow":"follow","max-snippet":"max-snippet:-1","max-image-preview":"max-image-preview:large","max-video-preview":"max-video-preview:-1"},"canonical":"https:\/\/gemkibo.pl\/de\/product\/gemkibo-caffeine-boost-90-tabletek\/","schema":{"@context":"https:\/\/schema.org","@graph":[{"@type":"BreadcrumbList","@id":"https:\/\/gemkibo.pl\/de\/product\/gemkibo-caffeine-boost-90-tabletek\/#breadcrumb","itemListElement":[{"@type":"ListItem","position":1,"name":"Strona g\u0142\u00f3wna","item":"https:\/\/gemkibo.pl\/"},{"@type":"ListItem","position":2,"name":"Sklep","item":"https:\/\/gemkibo.pl\/de\/shop\/"},{"@type":"ListItem","position":3,"name":"Gemkibo &#8211; Caffeine Boost &#8211; 90 tabletek"}]}]}},"_links":{"self":[{"href":"https:\/\/gemkibo.pl\/de\/wp-json\/wp\/v2\/product\/4383","targetHints":{"allow":["GET"]}}],"collection":[{"href":"https:\/\/gemkibo.pl\/de\/wp-json\/wp\/v2\/product"}],"about":[{"href":"https:\/\/gemkibo.pl\/de\/wp-json\/wp\/v2\/types\/product"}],"replies":[{"embeddable":true,"href":"https:\/\/gemkibo.pl\/de\/wp-json\/wp\/v2\/comments?post=4383"}],"version-history":[{"count":0,"href":"https:\/\/gemkibo.pl\/de\/wp-json\/wp\/v2\/product\/4383\/revisions"}],"wp:featuredmedia":[{"embeddable":true,"href":"https:\/\/gemkibo.pl\/de\/wp-json\/wp\/v2\/media\/4384"}],"wp:attachment":[{"href":"https:\/\/gemkibo.pl\/de\/wp-json\/wp\/v2\/media?parent=4383"}],"wp:term":[{"taxonomy":"product_brand","embeddable":true,"href":"https:\/\/gemkibo.pl\/de\/wp-json\/wp\/v2\/product_brand?post=4383"},{"taxonomy":"product_cat","embeddable":true,"href":"https:\/\/gemkibo.pl\/de\/wp-json\/wp\/v2\/product_cat?post=4383"},{"taxonomy":"product_tag","embeddable":true,"href":"https:\/\/gemkibo.pl\/de\/wp-json\/wp\/v2\/product_tag?post=4383"}],"curies":[{"name":"wp","href":"https:\/\/api.w.org\/{rel}","templated":true}]}}