{"id":4234,"date":"2025-08-15T11:52:42","date_gmt":"2025-08-15T09:52:42","guid":{"rendered":"https:\/\/peptomed.unlimitech.pl\/?post_type=product&#038;p=4234"},"modified":"2026-02-11T10:57:12","modified_gmt":"2026-02-11T09:57:12","slug":"gemkibo-witamina-d3-k2-mk-7-forte-90-tabletek","status":"publish","type":"product","link":"https:\/\/gemkibo.pl\/de\/produkt\/gemkibo-witamina-d3-k2-mk-7-forte-90-tabletek\/","title":{"rendered":"GEMKIBO \u2013 Vitamin D3 + K2 MK-7 Forte \u2013 90 Tabletten"},"content":{"rendered":"","protected":false},"excerpt":{"rendered":"<p class=\"translation-block\"><strong>GEMKIBO Vitamin D3 + K2 MK-7 Forte<\/strong> ist ein Nahrungserg\u00e4nzungsmittel in Tablettenform, entwickelt zur Unterst\u00fctzung der Knochengesundheit, des Herz-Kreislauf-Systems und des Immunsystems. Es enth\u00e4lt eine hohe Dosis Vitamin D3 (2000 IE) sowie Vitamin K2 in Form von Menachinon-7, die gemeinsam die richtige Aufnahme von Kalzium und Phosphor, die Erhaltung starker Knochen und ein gesundes Blutgerinnungssystem unterst\u00fctzen. Vitamin D3 tr\u00e4gt au\u00dferdem zur normalen Funktion des Immunsystems bei, w\u00e4hrend Vitamin K2 die richtige Verteilung von Kalzium im K\u00f6rper f\u00f6rdert. Das Produkt ist f\u00fcr Erwachsene und k\u00f6rperlich aktive Personen bestimmt.<\/p>\n<p><img decoding=\"async\" class=\"wd-lazy-fade alignnone wp-image-2121 size-full\" src=\"https:\/\/gemkibo.pl\/wp-content\/themes\/woodmart\/images\/lazy.svg\" data-src=\"\/wp-content\/uploads\/2025\/08\/gemkibo-d3-tab-scaled.png\" alt=\"\" width=\"590\" height=\"590\" data-wp-pid=\"2121\" \/><\/p>\n<hr \/>","protected":false},"featured_media":4295,"comment_status":"open","ping_status":"closed","template":"","meta":{"_acf_changed":false,"_monsterinsights_skip_tracking":false,"_monsterinsights_sitenote_active":false,"_monsterinsights_sitenote_note":"","_monsterinsights_sitenote_category":0},"product_brand":[251],"product_cat":[176,216,180],"product_tag":[],"class_list":{"0":"post-4234","1":"product","2":"type-product","3":"status-publish","4":"has-post-thumbnail","6":"product_brand-gemkibo","7":"product_cat-suplementy","8":"product_cat-suplementy-na-cere-i-skore","9":"product_cat-uroda","11":"first","12":"instock","13":"taxable","14":"shipping-taxable","15":"purchasable","16":"product-type-simple"},"acf":[],"yoast_head":"<!-- This site is optimized with the Yoast SEO plugin v27.3 - https:\/\/yoast.com\/product\/yoast-seo-wordpress\/ -->\n<title>GEMKIBO - Witamina D3 + K2 MK-7 Forte - 90 tabletek | Gemkibo<\/title>\n<meta name=\"robots\" content=\"index, follow, max-snippet:-1, max-image-preview:large, max-video-preview:-1\" \/>\n<link rel=\"canonical\" href=\"https:\/\/gemkibo.pl\/de\/produkt\/gemkibo-witamina-d3-k2-mk-7-forte-90-tabletek\/\" \/>\n<script type=\"application\/ld+json\" class=\"yoast-schema-graph\">{\"@context\":\"https:\\\/\\\/schema.org\",\"@graph\":[{\"@type\":\"BreadcrumbList\",\"@id\":\"https:\\\/\\\/gemkibo.pl\\\/produkt\\\/gemkibo-witamina-d3-k2-mk-7-forte-90-tabletek\\\/#breadcrumb\",\"itemListElement\":[{\"@type\":\"ListItem\",\"position\":1,\"name\":\"Strona g\u0142\u00f3wna\",\"item\":\"https:\\\/\\\/gemkibo.pl\\\/\"},{\"@type\":\"ListItem\",\"position\":2,\"name\":\"Sklep\",\"item\":\"https:\\\/\\\/gemkibo.pl\\\/de\\\/shop\\\/\"},{\"@type\":\"ListItem\",\"position\":3,\"name\":\"GEMKIBO &#8211; Witamina D3 + K2 MK-7 Forte &#8211; 90 tabletek\"}]}]}<\/script>\n<!-- \/ Yoast SEO plugin. -->","yoast_head_json":{"title":"GEMKIBO - Witamina D3 + K2 MK-7 Forte - 90 tabletek | Gemkibo","robots":{"index":"index","follow":"follow","max-snippet":"max-snippet:-1","max-image-preview":"max-image-preview:large","max-video-preview":"max-video-preview:-1"},"canonical":"https:\/\/gemkibo.pl\/de\/produkt\/gemkibo-witamina-d3-k2-mk-7-forte-90-tabletek\/","schema":{"@context":"https:\/\/schema.org","@graph":[{"@type":"BreadcrumbList","@id":"https:\/\/gemkibo.pl\/produkt\/gemkibo-witamina-d3-k2-mk-7-forte-90-tabletek\/#breadcrumb","itemListElement":[{"@type":"ListItem","position":1,"name":"Strona g\u0142\u00f3wna","item":"https:\/\/gemkibo.pl\/"},{"@type":"ListItem","position":2,"name":"Sklep","item":"https:\/\/gemkibo.pl\/de\/shop\/"},{"@type":"ListItem","position":3,"name":"GEMKIBO &#8211; Witamina D3 + K2 MK-7 Forte &#8211; 90 tabletek"}]}]}},"_links":{"self":[{"href":"https:\/\/gemkibo.pl\/de\/wp-json\/wp\/v2\/product\/4234","targetHints":{"allow":["GET"]}}],"collection":[{"href":"https:\/\/gemkibo.pl\/de\/wp-json\/wp\/v2\/product"}],"about":[{"href":"https:\/\/gemkibo.pl\/de\/wp-json\/wp\/v2\/types\/product"}],"replies":[{"embeddable":true,"href":"https:\/\/gemkibo.pl\/de\/wp-json\/wp\/v2\/comments?post=4234"}],"version-history":[{"count":0,"href":"https:\/\/gemkibo.pl\/de\/wp-json\/wp\/v2\/product\/4234\/revisions"}],"wp:featuredmedia":[{"embeddable":true,"href":"https:\/\/gemkibo.pl\/de\/wp-json\/wp\/v2\/media\/4295"}],"wp:attachment":[{"href":"https:\/\/gemkibo.pl\/de\/wp-json\/wp\/v2\/media?parent=4234"}],"wp:term":[{"taxonomy":"product_brand","embeddable":true,"href":"https:\/\/gemkibo.pl\/de\/wp-json\/wp\/v2\/product_brand?post=4234"},{"taxonomy":"product_cat","embeddable":true,"href":"https:\/\/gemkibo.pl\/de\/wp-json\/wp\/v2\/product_cat?post=4234"},{"taxonomy":"product_tag","embeddable":true,"href":"https:\/\/gemkibo.pl\/de\/wp-json\/wp\/v2\/product_tag?post=4234"}],"curies":[{"name":"wp","href":"https:\/\/api.w.org\/{rel}","templated":true}]}}