{"id":4231,"date":"2025-08-15T11:48:21","date_gmt":"2025-08-15T09:48:21","guid":{"rendered":"https:\/\/peptomed.unlimitech.pl\/?post_type=product&#038;p=4231"},"modified":"2026-02-19T10:44:55","modified_gmt":"2026-02-19T09:44:55","slug":"gemkibo-zinc-forte-90-tabletek","status":"publish","type":"product","link":"https:\/\/gemkibo.pl\/de\/produkt\/gemkibo-zinc-forte-90-tabletek\/","title":{"rendered":"GEMKIBO \u2013 Zink Forte \u2013 90 Tabletten"},"content":{"rendered":"","protected":false},"excerpt":{"rendered":"<p class=\"translation-block\"><strong>GEMKIBO Zink Forte<\/strong> ist ein Nahrungserg\u00e4nzungsmittel in Tablettenform, das Zinklactat als leicht absorbierbare Zinkquelle enth\u00e4lt. Jede Tablette liefert 15 mg Zink, was 150 % der Referenzmenge entspricht. Zink ist ein essentielles Mineral, das die Gesundheit von Haut, Haaren und N\u00e4geln sowie die normale Funktion des Immunsystems unterst\u00fctzt. Das Produkt ist f\u00fcr Erwachsene, einschlie\u00dflich Sportler, bestimmt, die ihre Ern\u00e4hrung mit Zink erg\u00e4nzen m\u00f6chten.<\/p>\n<p><img decoding=\"async\" class=\"wd-lazy-fade alignnone wp-image-2121 size-full\" src=\"https:\/\/gemkibo.pl\/wp-content\/themes\/woodmart\/images\/lazy.svg\" data-src=\"\/wp-content\/uploads\/2025\/08\/gemkibo-cynk-scaled.png\" alt=\"\" width=\"590\" height=\"590\" data-wp-pid=\"2121\" \/><\/p>\n<hr \/>","protected":false},"featured_media":4292,"comment_status":"open","ping_status":"closed","template":"","meta":{"_acf_changed":false,"_monsterinsights_skip_tracking":false,"_monsterinsights_sitenote_active":false,"_monsterinsights_sitenote_note":"","_monsterinsights_sitenote_category":0},"product_brand":[251],"product_cat":[202,201,177,176,179,204],"product_tag":[],"class_list":{"0":"post-4231","1":"product","2":"type-product","3":"status-publish","4":"has-post-thumbnail","6":"product_brand-gemkibo","7":"product_cat-dla-kobiet","8":"product_cat-dla-mezczyzn","9":"product_cat-odzywki-i-suplementy","10":"product_cat-suplementy","11":"product_cat-witaminy-i-mineraly","12":"product_cat-witaminy-i-mineraly-dla-mezczyzn","14":"first","15":"instock","16":"taxable","17":"shipping-taxable","18":"purchasable","19":"product-type-simple"},"acf":[],"yoast_head":"<!-- This site is optimized with the Yoast SEO plugin v27.3 - https:\/\/yoast.com\/product\/yoast-seo-wordpress\/ -->\n<title>GEMKIBO - Zinc Forte - 90 tabletek | Gemkibo<\/title>\n<meta name=\"robots\" content=\"index, follow, max-snippet:-1, max-image-preview:large, max-video-preview:-1\" \/>\n<link rel=\"canonical\" href=\"https:\/\/gemkibo.pl\/de\/produkt\/gemkibo-zinc-forte-90-tabletek\/\" \/>\n<script type=\"application\/ld+json\" class=\"yoast-schema-graph\">{\"@context\":\"https:\\\/\\\/schema.org\",\"@graph\":[{\"@type\":\"BreadcrumbList\",\"@id\":\"https:\\\/\\\/gemkibo.pl\\\/produkt\\\/gemkibo-zinc-forte-90-tabletek\\\/#breadcrumb\",\"itemListElement\":[{\"@type\":\"ListItem\",\"position\":1,\"name\":\"Strona g\u0142\u00f3wna\",\"item\":\"https:\\\/\\\/gemkibo.pl\\\/\"},{\"@type\":\"ListItem\",\"position\":2,\"name\":\"Sklep\",\"item\":\"https:\\\/\\\/gemkibo.pl\\\/de\\\/shop\\\/\"},{\"@type\":\"ListItem\",\"position\":3,\"name\":\"GEMKIBO &#8211; Zinc Forte &#8211; 90 tabletek\"}]}]}<\/script>\n<!-- \/ Yoast SEO plugin. -->","yoast_head_json":{"title":"GEMKIBO - Zinc Forte - 90 tabletek | Gemkibo","robots":{"index":"index","follow":"follow","max-snippet":"max-snippet:-1","max-image-preview":"max-image-preview:large","max-video-preview":"max-video-preview:-1"},"canonical":"https:\/\/gemkibo.pl\/de\/produkt\/gemkibo-zinc-forte-90-tabletek\/","schema":{"@context":"https:\/\/schema.org","@graph":[{"@type":"BreadcrumbList","@id":"https:\/\/gemkibo.pl\/produkt\/gemkibo-zinc-forte-90-tabletek\/#breadcrumb","itemListElement":[{"@type":"ListItem","position":1,"name":"Strona g\u0142\u00f3wna","item":"https:\/\/gemkibo.pl\/"},{"@type":"ListItem","position":2,"name":"Sklep","item":"https:\/\/gemkibo.pl\/de\/shop\/"},{"@type":"ListItem","position":3,"name":"GEMKIBO &#8211; Zinc Forte &#8211; 90 tabletek"}]}]}},"_links":{"self":[{"href":"https:\/\/gemkibo.pl\/de\/wp-json\/wp\/v2\/product\/4231","targetHints":{"allow":["GET"]}}],"collection":[{"href":"https:\/\/gemkibo.pl\/de\/wp-json\/wp\/v2\/product"}],"about":[{"href":"https:\/\/gemkibo.pl\/de\/wp-json\/wp\/v2\/types\/product"}],"replies":[{"embeddable":true,"href":"https:\/\/gemkibo.pl\/de\/wp-json\/wp\/v2\/comments?post=4231"}],"version-history":[{"count":0,"href":"https:\/\/gemkibo.pl\/de\/wp-json\/wp\/v2\/product\/4231\/revisions"}],"wp:featuredmedia":[{"embeddable":true,"href":"https:\/\/gemkibo.pl\/de\/wp-json\/wp\/v2\/media\/4292"}],"wp:attachment":[{"href":"https:\/\/gemkibo.pl\/de\/wp-json\/wp\/v2\/media?parent=4231"}],"wp:term":[{"taxonomy":"product_brand","embeddable":true,"href":"https:\/\/gemkibo.pl\/de\/wp-json\/wp\/v2\/product_brand?post=4231"},{"taxonomy":"product_cat","embeddable":true,"href":"https:\/\/gemkibo.pl\/de\/wp-json\/wp\/v2\/product_cat?post=4231"},{"taxonomy":"product_tag","embeddable":true,"href":"https:\/\/gemkibo.pl\/de\/wp-json\/wp\/v2\/product_tag?post=4231"}],"curies":[{"name":"wp","href":"https:\/\/api.w.org\/{rel}","templated":true}]}}