{"id":3320,"date":"2025-08-24T21:36:46","date_gmt":"2025-08-24T19:36:46","guid":{"rendered":"https:\/\/peptomed.unlimitech.pl\/?post_type=product&#038;p=3320"},"modified":"2026-03-19T11:34:47","modified_gmt":"2026-03-19T10:34:47","slug":"gemkibo-witamina-d3-k2-mk-7-forte-krople-30ml","status":"publish","type":"product","link":"https:\/\/gemkibo.pl\/de\/produkt\/gemkibo-witamina-d3-k2-mk-7-forte-krople-30ml\/","title":{"rendered":"GEMKIBO \u2013 Vitamin D3 + K2 MK-7 Forte \u2013 Tropfen 30 ml"},"content":{"rendered":"","protected":false},"excerpt":{"rendered":"<p data-start=\"121\" data-end=\"490\" class=\"translation-block\"><strong data-start=\"121\" data-end=\"160\">GEMKIBO Vitamin D3 + K2 MK-7 Forte<\/strong> ist ein hochwertiges Nahrungserg\u00e4nzungsmittel in Tropfenform, das Vitamin D3 und Vitamin K2 in der gut bioverf\u00fcgbaren Form von Menachinon-7 (MK-7) enth\u00e4lt. Die Formel unterst\u00fctzt das normale Funktionieren des Immun-, Knochen- und Kreislaufsystems. Jede Packung enth\u00e4lt ganze <strong data-start=\"425\" data-end=\"453\">1 000 000 IE Vitamin D3<\/strong>, was eine langfristige Anwendung erm\u00f6glicht.<\/p>\n<p data-start=\"492\" data-end=\"678\">Die regelm\u00e4\u00dfige Einnahme von Vitamin D3 und K2 tr\u00e4gt zur Erhaltung starker Knochen, gesunder Z\u00e4hne und einer normalen Blutgerinnung bei und hilft zudem, den normalen Calciumspiegel im Blut aufrechtzuerhalten.<\/p>\n<ul>\n<li data-start=\"764\" data-end=\"841\">Wsparcie dla odporno\u015bci<\/li>\n<li data-start=\"764\" data-end=\"841\">Zdrowe ko\u015bci i z\u0119by<\/li>\n<li data-start=\"764\" data-end=\"841\">Wspomaga uk\u0142ad kr\u0105\u017cenia<\/li>\n<\/ul>\n<p><img decoding=\"async\" class=\"wd-lazy-fade alignnone wp-image-2121 size-full\" src=\"https:\/\/gemkibo.pl\/wp-content\/themes\/woodmart\/images\/lazy.svg\" data-src=\"\/wp-content\/uploads\/2025\/07\/gemkibo-d3-wizualizacja.png\" alt=\"\" width=\"590\" height=\"590\" data-wp-pid=\"2121\" \/><\/p>\n<hr \/>","protected":false},"featured_media":3490,"comment_status":"open","ping_status":"closed","template":"","meta":{"_acf_changed":false,"_monsterinsights_skip_tracking":false,"_monsterinsights_sitenote_active":false,"_monsterinsights_sitenote_note":"","_monsterinsights_sitenote_category":0},"product_brand":[251],"product_cat":[202,201,177,176,197,199,188,194,180,179,204,186],"product_tag":[],"class_list":{"0":"post-3320","1":"product","2":"type-product","3":"status-publish","4":"has-post-thumbnail","6":"product_brand-gemkibo","7":"product_cat-dla-kobiet","8":"product_cat-dla-mezczyzn","9":"product_cat-odzywki-i-suplementy","10":"product_cat-suplementy","11":"product_cat-suplementy-na-kolana","12":"product_cat-suplementy-na-kosci","13":"product_cat-suplementy-na-sciegna","14":"product_cat-suplementy-na-stawy","15":"product_cat-uroda","16":"product_cat-witaminy-i-mineraly","17":"product_cat-witaminy-i-mineraly-dla-mezczyzn","18":"product_cat-zdrowie","20":"first","21":"instock","22":"featured","23":"taxable","24":"shipping-taxable","25":"purchasable","26":"product-type-simple"},"acf":[],"yoast_head":"<!-- This site is optimized with the Yoast SEO plugin v27.3 - https:\/\/yoast.com\/product\/yoast-seo-wordpress\/ -->\n<title>GEMKIBO - Witamina D3 + K2 MK-7 Forte - krople 30ml | Gemkibo<\/title>\n<meta name=\"robots\" content=\"index, follow, max-snippet:-1, max-image-preview:large, max-video-preview:-1\" \/>\n<link rel=\"canonical\" href=\"https:\/\/gemkibo.pl\/de\/produkt\/gemkibo-witamina-d3-k2-mk-7-forte-krople-30ml\/\" \/>\n<script type=\"application\/ld+json\" class=\"yoast-schema-graph\">{\"@context\":\"https:\\\/\\\/schema.org\",\"@graph\":[{\"@type\":\"BreadcrumbList\",\"@id\":\"https:\\\/\\\/gemkibo.pl\\\/produkt\\\/gemkibo-witamina-d3-k2-mk-7-forte-krople-30ml\\\/#breadcrumb\",\"itemListElement\":[{\"@type\":\"ListItem\",\"position\":1,\"name\":\"Strona g\u0142\u00f3wna\",\"item\":\"https:\\\/\\\/gemkibo.pl\\\/\"},{\"@type\":\"ListItem\",\"position\":2,\"name\":\"Sklep\",\"item\":\"https:\\\/\\\/gemkibo.pl\\\/de\\\/shop\\\/\"},{\"@type\":\"ListItem\",\"position\":3,\"name\":\"GEMKIBO &#8211; Witamina D3 + K2 MK-7 Forte &#8211; krople 30ml\"}]}]}<\/script>\n<!-- \/ Yoast SEO plugin. -->","yoast_head_json":{"title":"GEMKIBO - Witamina D3 + K2 MK-7 Forte - krople 30ml | Gemkibo","robots":{"index":"index","follow":"follow","max-snippet":"max-snippet:-1","max-image-preview":"max-image-preview:large","max-video-preview":"max-video-preview:-1"},"canonical":"https:\/\/gemkibo.pl\/de\/produkt\/gemkibo-witamina-d3-k2-mk-7-forte-krople-30ml\/","schema":{"@context":"https:\/\/schema.org","@graph":[{"@type":"BreadcrumbList","@id":"https:\/\/gemkibo.pl\/produkt\/gemkibo-witamina-d3-k2-mk-7-forte-krople-30ml\/#breadcrumb","itemListElement":[{"@type":"ListItem","position":1,"name":"Strona g\u0142\u00f3wna","item":"https:\/\/gemkibo.pl\/"},{"@type":"ListItem","position":2,"name":"Sklep","item":"https:\/\/gemkibo.pl\/de\/shop\/"},{"@type":"ListItem","position":3,"name":"GEMKIBO &#8211; Witamina D3 + K2 MK-7 Forte &#8211; krople 30ml"}]}]}},"_links":{"self":[{"href":"https:\/\/gemkibo.pl\/de\/wp-json\/wp\/v2\/product\/3320","targetHints":{"allow":["GET"]}}],"collection":[{"href":"https:\/\/gemkibo.pl\/de\/wp-json\/wp\/v2\/product"}],"about":[{"href":"https:\/\/gemkibo.pl\/de\/wp-json\/wp\/v2\/types\/product"}],"replies":[{"embeddable":true,"href":"https:\/\/gemkibo.pl\/de\/wp-json\/wp\/v2\/comments?post=3320"}],"version-history":[{"count":0,"href":"https:\/\/gemkibo.pl\/de\/wp-json\/wp\/v2\/product\/3320\/revisions"}],"wp:featuredmedia":[{"embeddable":true,"href":"https:\/\/gemkibo.pl\/de\/wp-json\/wp\/v2\/media\/3490"}],"wp:attachment":[{"href":"https:\/\/gemkibo.pl\/de\/wp-json\/wp\/v2\/media?parent=3320"}],"wp:term":[{"taxonomy":"product_brand","embeddable":true,"href":"https:\/\/gemkibo.pl\/de\/wp-json\/wp\/v2\/product_brand?post=3320"},{"taxonomy":"product_cat","embeddable":true,"href":"https:\/\/gemkibo.pl\/de\/wp-json\/wp\/v2\/product_cat?post=3320"},{"taxonomy":"product_tag","embeddable":true,"href":"https:\/\/gemkibo.pl\/de\/wp-json\/wp\/v2\/product_tag?post=3320"}],"curies":[{"name":"wp","href":"https:\/\/api.w.org\/{rel}","templated":true}]}}