{"id":1222,"date":"2024-11-26T14:13:15","date_gmt":"2024-11-26T13:13:15","guid":{"rendered":"https:\/\/peptomed.unlimitech.pl\/?page_id=1222"},"modified":"2025-02-11T12:31:34","modified_gmt":"2025-02-11T11:31:34","slug":"czas-realizacji-zamowienia","status":"publish","type":"page","link":"https:\/\/gemkibo.pl\/de\/czas-realizacji-zamowienia\/","title":{"rendered":"Vorlaufzeit"},"content":{"rendered":"<div data-elementor-type=\"wp-page\" data-elementor-id=\"1222\" class=\"elementor elementor-1222\">\n\t\t\t\t<div class=\"wd-negative-gap elementor-element elementor-element-a55cef2 e-flex e-con-boxed e-con e-parent\" data-id=\"a55cef2\" data-element_type=\"container\" data-e-type=\"container\">\n\t\t\t\t\t<div class=\"e-con-inner\">\n\t\t\t\t<div class=\"elementor-element elementor-element-b64027d elementor-widget elementor-widget-wd_text_block\" data-id=\"b64027d\" data-element_type=\"widget\" data-e-type=\"widget\" data-widget_type=\"wd_text_block.default\">\n\t\t\t\t<div class=\"elementor-widget-container\">\n\t\t\t\t\t\t\t<div class=\"wd-text-block reset-last-child text-left color-title\">\n\t\t\t\n\t\t\t<p>Jede Ware im Falle von <strong>Zahlungen per \u00dcberweisung<\/strong> oder <strong>Online-Zahlungen<\/strong> Wir versenden die Ware sofort nach Eingang der Zahlung auf unserem Konto. Die Sendungen werden von Kurierdiensten zugestellt \u2013 die Lieferzeit h\u00e4ngt vom Transportunternehmen, der Art der Sendung und der Adresse des Empf\u00e4ngers ab. In der Regel dauert es bis zu 2 Werktage.<\/p>\n\t\t\t\t\t<\/div>\n\t\t\t\t\t\t<\/div>\n\t\t\t\t<\/div>\n\t\t\t\t<div class=\"elementor-element elementor-element-a28c9ba elementor-widget elementor-widget-wd_text_block\" data-id=\"a28c9ba\" data-element_type=\"widget\" data-e-type=\"widget\" data-widget_type=\"wd_text_block.default\">\n\t\t\t\t<div class=\"elementor-widget-container\">\n\t\t\t\t\t\t\t<div class=\"wd-text-block reset-last-child text-left color-title\">\n\t\t\t\n\t\t\t<p>Achtung! Bei Zahlung per Online-\u00dcberweisung verl\u00e4ngert sich die Lieferzeit um die Dauer der \u00dcberweisung.<\/p>\n\t\t\t\t\t<\/div>\n\t\t\t\t\t\t<\/div>\n\t\t\t\t<\/div>\n\t\t\t\t<div class=\"elementor-element elementor-element-8e3a57e elementor-widget elementor-widget-wd_text_block\" data-id=\"8e3a57e\" data-element_type=\"widget\" data-e-type=\"widget\" data-widget_type=\"wd_text_block.default\">\n\t\t\t\t<div class=\"elementor-widget-container\">\n\t\t\t\t\t\t\t<div class=\"wd-text-block reset-last-child text-left color-title\">\n\t\t\t\n\t\t\tWenn Sie die Lieferung Ihrer Bestellung per <strong>InPost-Paketautomaten<\/strong> Die Lieferung wird innerhalb weniger (in der Regel bis zu 5) Werktagen nach Versand der Sendung in dem von Ihnen ausgew\u00e4hlten Paketautomaten bereitgestellt.\n\t\t\t\t\t<\/div>\n\t\t\t\t\t\t<\/div>\n\t\t\t\t<\/div>\n\t\t\t\t\t<\/div>\n\t\t\t\t<\/div>\n\t\t\t\t<\/div>","protected":false},"excerpt":{"rendered":"<p>Ka\u017cdy towar w przypadku p\u0142atno\u015bci przelewem lub p\u0142atno\u015bci online wysy\u0142amy zaraz po zaksi\u0119gowaniu pieni\u0119dzy na naszym koncie. Przesy\u0142ki dostarczaj\u0105 firmy<\/p>","protected":false},"author":1,"featured_media":0,"parent":0,"menu_order":0,"comment_status":"closed","ping_status":"closed","template":"","meta":{"_acf_changed":false,"_monsterinsights_skip_tracking":false,"_monsterinsights_sitenote_active":false,"_monsterinsights_sitenote_note":"","_monsterinsights_sitenote_category":0,"footnotes":""},"class_list":["post-1222","page","type-page","status-publish","hentry"],"acf":[],"yoast_head":"<!-- This site is optimized with the Yoast SEO plugin v27.3 - https:\/\/yoast.com\/product\/yoast-seo-wordpress\/ -->\n<title>Czas realizacji zam\u00f3wienia | Genkibo<\/title>\n<meta name=\"description\" content=\"Dowiedz si\u0119, ile trwa realizacja zam\u00f3wienia na peptydy w Genkibo. Szybka wysy\u0142ka, sprawna obs\u0142uga i pewne terminy dostawy. Sprawd\u017a szczeg\u00f3\u0142y!\" \/>\n<meta name=\"robots\" content=\"index, follow, max-snippet:-1, max-image-preview:large, max-video-preview:-1\" \/>\n<link rel=\"canonical\" href=\"https:\/\/gemkibo.pl\/de\/czas-realizacji-zamowienia\/\" \/>\n<script type=\"application\/ld+json\" class=\"yoast-schema-graph\">{\"@context\":\"https:\\\/\\\/schema.org\",\"@graph\":[{\"@type\":\"BreadcrumbList\",\"@id\":\"https:\\\/\\\/gemkibo.pl\\\/de\\\/czas-realizacji-zamowienia\\\/#breadcrumb\",\"itemListElement\":[{\"@type\":\"ListItem\",\"position\":1,\"name\":\"Strona g\u0142\u00f3wna\",\"item\":\"https:\\\/\\\/gemkibo.pl\\\/\"},{\"@type\":\"ListItem\",\"position\":2,\"name\":\"Czas realizacji zam\u00f3wienia\"}]}]}<\/script>\n<!-- \/ Yoast SEO plugin. -->","yoast_head_json":{"title":"Vorlaufzeit | Genkibo","description":"Finden Sie heraus, wie lange es dauert, Ihre Peptid-Bestellung bei Genkibo zu erf\u00fcllen. Schneller Versand, effizienter Service und zuverl\u00e4ssige Lieferzeiten. Sehen Sie sich die Details an!","robots":{"index":"index","follow":"follow","max-snippet":"max-snippet:-1","max-image-preview":"max-image-preview:large","max-video-preview":"max-video-preview:-1"},"canonical":"https:\/\/gemkibo.pl\/de\/czas-realizacji-zamowienia\/","schema":{"@context":"https:\/\/schema.org","@graph":[{"@type":"BreadcrumbList","@id":"https:\/\/gemkibo.pl\/de\/czas-realizacji-zamowienia\/#breadcrumb","itemListElement":[{"@type":"ListItem","position":1,"name":"Strona g\u0142\u00f3wna","item":"https:\/\/gemkibo.pl\/"},{"@type":"ListItem","position":2,"name":"Czas realizacji zam\u00f3wienia"}]}]}},"_links":{"self":[{"href":"https:\/\/gemkibo.pl\/de\/wp-json\/wp\/v2\/pages\/1222","targetHints":{"allow":["GET"]}}],"collection":[{"href":"https:\/\/gemkibo.pl\/de\/wp-json\/wp\/v2\/pages"}],"about":[{"href":"https:\/\/gemkibo.pl\/de\/wp-json\/wp\/v2\/types\/page"}],"author":[{"embeddable":true,"href":"https:\/\/gemkibo.pl\/de\/wp-json\/wp\/v2\/users\/1"}],"replies":[{"embeddable":true,"href":"https:\/\/gemkibo.pl\/de\/wp-json\/wp\/v2\/comments?post=1222"}],"version-history":[{"count":0,"href":"https:\/\/gemkibo.pl\/de\/wp-json\/wp\/v2\/pages\/1222\/revisions"}],"wp:attachment":[{"href":"https:\/\/gemkibo.pl\/de\/wp-json\/wp\/v2\/media?parent=1222"}],"curies":[{"name":"wp","href":"https:\/\/api.w.org\/{rel}","templated":true}]}}