{"id":1072,"date":"2024-10-11T12:33:03","date_gmt":"2024-10-11T10:33:03","guid":{"rendered":"https:\/\/peptomed.unlimitech.pl\/shipping-methods\/"},"modified":"2026-01-27T18:23:39","modified_gmt":"2026-01-27T17:23:39","slug":"czas-i-koszty-dostawy","status":"publish","type":"page","link":"https:\/\/gemkibo.pl\/de\/czas-i-koszty-dostawy\/","title":{"rendered":"Lieferzeiten und Kosten"},"content":{"rendered":"<div data-elementor-type=\"wp-page\" data-elementor-id=\"1072\" class=\"elementor elementor-1072\">\n\t\t\t\t<div class=\"wd-negative-gap elementor-element elementor-element-49d5cd6 e-flex e-con-boxed e-con e-parent\" data-id=\"49d5cd6\" data-element_type=\"container\" data-e-type=\"container\">\n\t\t\t\t\t<div class=\"e-con-inner\">\n\t\t<div class=\"elementor-element elementor-element-d46cf51 e-con-full e-flex e-con e-child\" data-id=\"d46cf51\" data-element_type=\"container\" data-e-type=\"container\">\n\t\t\t\t<div class=\"elementor-element elementor-element-721907b elementor-widget elementor-widget-heading\" data-id=\"721907b\" data-element_type=\"widget\" data-e-type=\"widget\" data-widget_type=\"heading.default\">\n\t\t\t\t<div class=\"elementor-widget-container\">\n\t\t\t\t\t<h4 class=\"elementor-heading-title elementor-size-default\">Kosten<\/h4>\t\t\t\t<\/div>\n\t\t\t\t<\/div>\n\t\t\t\t<div class=\"elementor-element elementor-element-becea9e elementor-widget elementor-widget-wd_text_block\" data-id=\"becea9e\" data-element_type=\"widget\" data-e-type=\"widget\" data-widget_type=\"wd_text_block.default\">\n\t\t\t\t<div class=\"elementor-widget-container\">\n\t\t\t\t\t\t\t<div class=\"wd-text-block reset-last-child text-left\">\n\t\t\t\n\t\t\t<p>Sehr geehrte Damen und Herren, f\u00fcr einmalige Bestellungen k\u00f6nnen Sie eine der folgenden Versandarten w\u00e4hlen:<\/p><p>1. Die Sendungen werden von den Kurierdiensten In Post, Orlen paczka und GLS ausgef\u00fchrt. Die Kurierdienste garantieren einen \u201eschnellen und p\u00fcnktlichen\u201d Versand und die Zustellung von Paketen an jeden beliebigen Ort in Polen innerhalb von 1-2 Werktagen zwischen 8:00 und 18:00 Uhr.<\/p><p>2 F\u00fcr Abonnementbestellungen, wenn der Dienst verf\u00fcgbar ist\/ist oder sein wird, gilt eine Liefermethode. Kurierdienst der Post. Wenn Sie die Lieferung jedoch nicht annehmen k\u00f6nnen, k\u00f6nnen Sie das Paket an einen beliebigen Paketautomaten der In Post oder an eine andere Adresse Ihrer Wahl umleiten. Mehr dazu erfahren Sie auf der Website von In Post hier.<\/p><p>3 Wir f\u00fchren Lieferungen innerhalb Polens und in andere europ\u00e4ische L\u00e4nder durch. Bitte beachten Sie die Preisliste f\u00fcr Service\/Lieferungen bei einmaligen Bestellungen im Inland. Die Preisliste f\u00fcr Service\/Lieferung bei einmaligen Auslandsauftr\u00e4gen (L\u00e4nder der Europ\u00e4ischen Union und Gro\u00dfbritannien) wird individuell vereinbart.<\/p><p>Die Versand-\/Lieferkosten h\u00e4ngen von der Zahlungsart und dem Gesamtgewicht der Sendung ab. Ihre Bestellung wird jedes Mal in einer Sendung verschickt und Sie zahlen nur einmal die Versandkosten.<\/p>\n\t\t\t\t\t<\/div>\n\t\t\t\t\t\t<\/div>\n\t\t\t\t<\/div>\n\t\t\t\t<\/div>\n\t\t<div class=\"elementor-element elementor-element-7db6a15 e-con-full e-flex e-con e-child\" data-id=\"7db6a15\" data-element_type=\"container\" data-e-type=\"container\">\n\t\t\t\t<div class=\"elementor-element elementor-element-ad4ac9d elementor-widget elementor-widget-wd_table\" data-id=\"ad4ac9d\" data-element_type=\"widget\" data-e-type=\"widget\" data-widget_type=\"wd_table.default\">\n\t\t\t\t<div class=\"elementor-widget-container\">\n\t\t\t\t\t\t\t<div class=\"wd-el-table-wrap wd-reset-all-last\">\n\t\t\t<table class=\"wd-el-table\">\n\t\t\t\t\t\t\t\t\t<thead class=\"text-left\">\n\t\t\t\t\t\t\t\t\t\t\t\t\t\t\t\t\t\t\t\t\t\t\t\t\t\t\t\t\t\t<tr class=\"wd-table-row elementor-repeater-item-22a9125\">\n\t\t\t\t\t\t\t\t\t\t\t\t\t\t\t\t\t\t\t\t\t\t\t\t\t\t\t\t\t\t\t\t\t\t\t\t<th class=\"wd-table-cell elementor-repeater-item-528a99b\" colspan=\"1\" rowspan=\"1\">\n\t\t\t\t\t\t\t\t\t<p>Form der Lieferung<\/p>\t\t\t\t\t\t\t\t<\/th>\n\t\t\t\t\t\t\t\t\t\t\t\t\t\t\t\t\t\t\t\t\t\t\t\t\t\t\t\t<th class=\"wd-table-cell elementor-repeater-item-c1bd5af\" colspan=\"1\" rowspan=\"1\">\n\t\t\t\t\t\t\t\t\t<p>Standardpreis<\/p>\t\t\t\t\t\t\t\t<\/th>\n\t\t\t\t\t\t\t\t\t\t\t\t\t\t\t\t\t\t\t\t\t\t\t\t\t\t\t\t<th class=\"wd-table-cell elementor-repeater-item-eff3110\" colspan=\"1\" rowspan=\"1\">\n\t\t\t\t\t\t\t\t\t<p>Nachnahmegeb\u00fchr<\/p>\t\t\t\t\t\t\t\t<\/th>\n\t\t\t\t\t\t\t\t\t\t\t\t\t\t\t\t\t\t\t<\/tr>\n\t\t\t\t\t<\/thead>\n\t\t\t\t\n\t\t\t\t<tbody class=\"text-left\">\n\t\t\t\t\t\t\t\t\t\t\t\t\t\t\t\t\t\t\t\t\t\t\t\t\t\t<tr class=\"wd-table-row elementor-repeater-item-51052f2\">\n\t\t\t\t\t\t\t\t\t\t\t\t\t\t\t\t\t\t\t\t\t\t\t\t\t\t\t\t\t\t\t\n\t\t\t\t\t\t\t<td class=\"wd-table-cell elementor-repeater-item-f6ebe71\" colspan=\"1\" rowspan=\"1\">\n\t\t\t\t\t\t\t\t<p><img decoding=\"async\" class=\"wd-lazy-fade alignnone size-full wp-image-3580\" src=\"https:\/\/gemkibo.pl\/wp-content\/themes\/woodmart\/images\/lazy.svg\" data-src=\"\/wp-content\/uploads\/2025\/07\/1280px-InPost_logo.png\" alt=\"\" width=\"42\" height=\"25\" data-wp-pid=\"3580\" srcset=\"\" data-srcset=\"https:\/\/gemkibo.pl\/wp-content\/uploads\/2025\/07\/1280px-InPost_logo.png 42w, https:\/\/gemkibo.pl\/wp-content\/uploads\/2025\/07\/1280px-InPost_logo-18x12.png 18w\" sizes=\"(max-width: 42px) 100vw, 42px\" \/> InPost-Kurier<\/p>\t\t\t\t\t\t\t<\/td>\n\t\t\t\t\t\t\t\t\t\t\t\t\t\t\t\t\t\t\t\t\t\t\t\t\n\t\t\t\t\t\t\t<td class=\"wd-table-cell elementor-repeater-item-8df8f05\" colspan=\"1\" rowspan=\"1\">\n\t\t\t\t\t\t\t\t<p>\u00a319.99<\/p>\t\t\t\t\t\t\t<\/td>\n\t\t\t\t\t\t\t\t\t\t\t\t\t\t\t\t\t\t\t\t\t\t\t\t\n\t\t\t\t\t\t\t<td class=\"wd-table-cell elementor-repeater-item-afd57ba\" colspan=\"1\" rowspan=\"1\">\n\t\t\t\t\t\t\t\t<p>PLN 24,99<\/p>\t\t\t\t\t\t\t<\/td>\n\t\t\t\t\t\t\t\t\t\t\t\t\t\t\t\t\t\t\t\t\t\t\t\t\t\t\t\t\t\t\t\t<\/tr>\n\t\t\t\t\t\t\t\t<tr class=\"wd-table-row elementor-repeater-item-3bdad41\">\n\t\t\t\t\t\t\t\t\t\t\t\t\t\t\t\t\t\t\t\t\t\t\t\t\t\t\t\t\t\t\t\n\t\t\t\t\t\t\t<td class=\"wd-table-cell elementor-repeater-item-2e80411\" colspan=\"1\" rowspan=\"1\">\n\t\t\t\t\t\t\t\t<p><img decoding=\"async\" class=\"wd-lazy-fade alignnone size-full wp-image-3580\" src=\"https:\/\/gemkibo.pl\/wp-content\/themes\/woodmart\/images\/lazy.svg\" data-src=\"\/wp-content\/uploads\/2025\/07\/1280px-InPost_logo.png\" alt=\"\" width=\"42\" height=\"25\" data-wp-pid=\"3580\" srcset=\"\" data-srcset=\"https:\/\/gemkibo.pl\/wp-content\/uploads\/2025\/07\/1280px-InPost_logo.png 42w, https:\/\/gemkibo.pl\/wp-content\/uploads\/2025\/07\/1280px-InPost_logo-18x12.png 18w\" sizes=\"(max-width: 42px) 100vw, 42px\" \/> InPost-Paketautomat<\/p>\t\t\t\t\t\t\t<\/td>\n\t\t\t\t\t\t\t\t\t\t\t\t\t\t\t\t\t\t\t\t\t\t\t\t\n\t\t\t\t\t\t\t<td class=\"wd-table-cell elementor-repeater-item-110b0e0\" colspan=\"1\" rowspan=\"1\">\n\t\t\t\t\t\t\t\t<p>14,99 PLN<\/p>\t\t\t\t\t\t\t<\/td>\n\t\t\t\t\t\t\t\t\t\t\t\t\t\t\t\t\t\t\t\t\t\t\t\t\n\t\t\t\t\t\t\t<td class=\"wd-table-cell elementor-repeater-item-d5aeafd\" colspan=\"1\" rowspan=\"1\">\n\t\t\t\t\t\t\t\t<p>-<\/p>\t\t\t\t\t\t\t<\/td>\n\t\t\t\t\t\t\t\t\t\t\t\t\t\t\t\t\t\t\t\t\t\t\t\t\t\t\t\t\t\t\t\t<\/tr>\n\t\t\t\t\t\t\t\t<tr class=\"wd-table-row elementor-repeater-item-f2d3adf\">\n\t\t\t\t\t\t\t\t\t\t\t\t\t\t\t\t\t\t\t\t\t\t\t\t\t\t\t\t\t\t\t\n\t\t\t\t\t\t\t<td class=\"wd-table-cell elementor-repeater-item-ae70210\" colspan=\"1\" rowspan=\"1\">\n\t\t\t\t\t\t\t\t<p><img decoding=\"async\" class=\"wd-lazy-fade alignnone size-full wp-image-3580\" src=\"https:\/\/gemkibo.pl\/wp-content\/themes\/woodmart\/images\/lazy.svg\" data-src=\"\/wp-content\/uploads\/2025\/07\/1280px-Orlen_logo.png\" alt=\"\" width=\"42\" height=\"25\" data-wp-pid=\"3580\" \/> Orlen-Paket<\/p>\t\t\t\t\t\t\t<\/td>\n\t\t\t\t\t\t\t\t\t\t\t\t\t\t\t\t\t\t\t\t\t\t\t\t\n\t\t\t\t\t\t\t<td class=\"wd-table-cell elementor-repeater-item-049618b\" colspan=\"1\" rowspan=\"1\">\n\t\t\t\t\t\t\t\t<p>PLN 11,99<\/p>\t\t\t\t\t\t\t<\/td>\n\t\t\t\t\t\t\t\t\t\t\t\t\t\t\t\t\t\t\t\t\t\t\t\t\n\t\t\t\t\t\t\t<td class=\"wd-table-cell elementor-repeater-item-f089a8b\" colspan=\"1\" rowspan=\"1\">\n\t\t\t\t\t\t\t\t<p>-<\/p>\t\t\t\t\t\t\t<\/td>\n\t\t\t\t\t\t\t\t\t\t\t\t\t\t\t\t\t\t\t\t\t\t\t\t\t\t\t\t\t\t\t\t<\/tr>\n\t\t\t\t\t\t\t\t<tr class=\"wd-table-row elementor-repeater-item-2a1226e\">\n\t\t\t\t\t\t\t\t\t\t\t\t\t\t\t\t\t\t\t\t\t\t\t\t\t\t\t\t\t\t\t\n\t\t\t\t\t\t\t<td class=\"wd-table-cell elementor-repeater-item-1c373d3\" colspan=\"1\" rowspan=\"1\">\n\t\t\t\t\t\t\t\t<p><img decoding=\"async\" class=\"wd-lazy-fade alignnone size-full wp-image-3580\" src=\"https:\/\/gemkibo.pl\/wp-content\/themes\/woodmart\/images\/lazy.svg\" data-src=\"\/wp-content\/uploads\/2025\/07\/2021_gls-logo_blue-yellow_no-whitespace_png.png\" alt=\"\" width=\"42\" height=\"25\" data-wp-pid=\"3580\" \/> GLS-Kurier<\/p>\t\t\t\t\t\t\t<\/td>\n\t\t\t\t\t\t\t\t\t\t\t\t\t\t\t\t\t\t\t\t\t\t\t\t\n\t\t\t\t\t\t\t<td class=\"wd-table-cell elementor-repeater-item-680a6cb\" colspan=\"1\" rowspan=\"1\">\n\t\t\t\t\t\t\t\t<p>?<\/p>\t\t\t\t\t\t\t<\/td>\n\t\t\t\t\t\t\t\t\t\t\t\t\t\t\t\t\t\t\t\t\t\t\t\t\n\t\t\t\t\t\t\t<td class=\"wd-table-cell elementor-repeater-item-e0e2bd2\" colspan=\"1\" rowspan=\"1\">\n\t\t\t\t\t\t\t\t<p>?<\/p>\t\t\t\t\t\t\t<\/td>\n\t\t\t\t\t\t\t\t\t\t\t\t\t\t\t\t\t\t\t\t\t\t\t\t\t\t\t\t\t\t\t\t<\/tr>\n\t\t\t\t\t\t\t\t<tr class=\"wd-table-row elementor-repeater-item-d8c95ca\">\n\t\t\t\t\t\t\t\t\t\t\t\t\t\t\t\t\t\t\t\t\t\t\t\t\t\t\t\t\t\t\t\n\t\t\t\t\t\t\t<td class=\"wd-table-cell elementor-repeater-item-4680a91\" colspan=\"1\" rowspan=\"1\">\n\t\t\t\t\t\t\t\t<p><img decoding=\"async\" class=\"wd-lazy-fade alignnone size-full wp-image-3580\" src=\"https:\/\/gemkibo.pl\/wp-content\/themes\/woodmart\/images\/lazy.svg\" data-src=\"\/wp-content\/uploads\/2025\/07\/2021_gls-logo_blue-yellow_no-whitespace_png.png\" alt=\"\" width=\"42\" height=\"25\" data-wp-pid=\"3580\" \/> GLS Rapid Parcel<\/p>\t\t\t\t\t\t\t<\/td>\n\t\t\t\t\t\t\t\t\t\t\t\t\t\t\t\t\t\t\t\t\t\t\t\t\n\t\t\t\t\t\t\t<td class=\"wd-table-cell elementor-repeater-item-1e55169\" colspan=\"1\" rowspan=\"1\">\n\t\t\t\t\t\t\t\t<p>?<\/p>\t\t\t\t\t\t\t<\/td>\n\t\t\t\t\t\t\t\t\t\t\t\t\t\t\t\t\t\t\t\t\t\t\t\t\n\t\t\t\t\t\t\t<td class=\"wd-table-cell elementor-repeater-item-02ecbfc\" colspan=\"1\" rowspan=\"1\">\n\t\t\t\t\t\t\t\t<p>-<\/p>\t\t\t\t\t\t\t<\/td>\n\t\t\t\t\t\t\t\t\t\t\t\t\t\t\t\t<\/tr>\n\t\t\t\t<\/tbody>\n\t\t\t<\/table>\n\t\t<\/div>\n\t\t\t\t\t\t<\/div>\n\t\t\t\t<\/div>\n\t\t\t\t<\/div>\n\t\t<div class=\"elementor-element elementor-element-9f16eb4 e-con-full e-flex e-con e-child\" data-id=\"9f16eb4\" data-element_type=\"container\" data-e-type=\"container\">\n\t\t\t\t<div class=\"elementor-element elementor-element-54a8031 elementor-widget elementor-widget-heading\" data-id=\"54a8031\" data-element_type=\"widget\" data-e-type=\"widget\" data-widget_type=\"heading.default\">\n\t\t\t\t<div class=\"elementor-widget-container\">\n\t\t\t\t\t<h4 class=\"elementor-heading-title elementor-size-default\">Lieferzeit<\/h4>\t\t\t\t<\/div>\n\t\t\t\t<\/div>\n\t\t\t\t<div class=\"elementor-element elementor-element-e8a1b85 elementor-widget elementor-widget-wd_text_block\" data-id=\"e8a1b85\" data-element_type=\"widget\" data-e-type=\"widget\" data-widget_type=\"wd_text_block.default\">\n\t\t\t\t<div class=\"elementor-widget-container\">\n\t\t\t\t\t\t\t<div class=\"wd-text-block reset-last-child text-left\">\n\t\t\t\n\t\t\t<p class=\"translation-block\">Die gesamte Auftragsabwicklungszeit (einschlie\u00dflich Lieferung) betr\u00e4gt 1\u20132 Werktage, sofern das Produkt auf Lager ist. In allen anderen F\u00e4llen bitten wir um Kontaktaufnahme mit unserem Gesch\u00e4ft.<\/p><p>Wir f\u00fchren Lieferungen innerhalb Polens und in andere europ\u00e4ische L\u00e4nder durch. Bitte beachten Sie die Service-\/Lieferpreisliste f\u00fcr internationale Einzelbestellungen. Die Preisliste f\u00fcr Service\/Lieferung bei internationalen Einzelbestellungen (EU-L\u00e4nder und Gro\u00dfbritannien) wird individuell vereinbart. Die Kosten f\u00fcr Versand\/Lieferung sind abh\u00e4ngig von der Zahlungsart und dem Gesamtgewicht der Sendung. Ihre Bestellung wird in einer Sendung verschickt und Sie zahlen eine Liefergeb\u00fchr.<\/p><p>Wann ist Ihre Lieferung kostenlos?<br \/>Wir haben einige Vorschl\u00e4ge f\u00fcr Sie, wie Sie Lieferkosten vermeiden k\u00f6nnen. F\u00fcr einmalige Bestellungen mit einem Gesamtwert von 399<br \/>Bei Abonnementbestellungen ist die Lieferung kostenlos. Bei Abonnementbestellungen ist die Lieferung kostenlos.<br \/>(5) Wir werden Ihre Bestellung(en) versenden, sobald das Geld auf unserem Konto eingegangen ist.<br \/>Bankkonto. Bitte beachten Sie: Bei der Zahlung per Online-\u00dcberweisung ist die Lieferzeit Ihres Pakets<br \/>wird automatisch um die \u00dcberweisungszeit verl\u00e4ngert. Wenn Sie sich f\u00fcr eine Bestellung \u00fcber<br \/>Im Paketdienst der Post wird Ihr Paket innerhalb von maximal zwei Wochen an den daf\u00fcr vorgesehenen Paketautomaten zugestellt.<br \/>(f\u00fcnf Arbeitstage) ab dem Zeitpunkt der Anlieferung des Pakets bei der Stelle (Beginn des Versandverfahrens).<br \/>6 Der Bef\u00f6rderer haftet:<br \/>Der Bef\u00f6rderer haftet f\u00fcr Verlust, Besch\u00e4digung oder versp\u00e4tete Ablieferung der Sendung ab dem Zeitpunkt des Empfangs bis<br \/>zum Zeitpunkt der Lieferung an den Empf\u00e4nger. Sie kann sich nur in streng definierten F\u00e4llen von der Haftung befreien, z. B. wenn<br \/>der Schaden durch das Verschulden des Absenders oder des Empf\u00e4ngers, durch die Beschaffenheit des Gutes oder durch h\u00f6here Gewalt verursacht wurde.<br \/>Was sollten Sie tun, wenn Sie einen Schaden an einem Paket\/P\u00e4ckchen entdecken?<br \/>Um den Schaden zu best\u00e4tigen, ist es notwendig, das besch\u00e4digte Paket zu fotografieren und ein Schadensprotokoll zu erstellen<br \/>im Beisein des Kuriers. Wenn dies zum Zeitpunkt der Lieferung nicht m\u00f6glich war, wenden Sie sich bitte an die Serviceabteilung<br \/>Kurierdienst, um die n\u00e4chsten Schritte festzulegen. Weitere Informationen finden Sie unter<br \/>Spediteure, die Ihr Paket\/Ihre Sendung zustellen.<br \/>8 Vorlaufzeit f\u00fcr Bestellung\/Lieferung. Inl\u00e4ndische Bestellungen.<br \/>In der Regel betr\u00e4gt die Bearbeitungszeit f\u00fcr einen komplexen Auftrag nicht mehr als 1-2 Arbeitstage, d.h. Mo. - pt., Stunden<br \/>8:00 bis 18:00 Uhr. Sollte ein Sortiment\/Produkt vor\u00fcbergehend nicht vorr\u00e4tig sein, wird die Zeit<br \/>Die Zustellung Ihres Pakets\/Ihrer Sendung kann sich verz\u00f6gern, wor\u00fcber Sie unverz\u00fcglich informiert werden.<br \/>9 Vorlaufzeit f\u00fcr Bestellung\/Lieferungen. Bestellungen aus dem Ausland.<\/p><p>In der Regel betr\u00e4gt die Bearbeitungszeit f\u00fcr einen komplexen Auftrag nicht mehr als 1-2 Arbeitstage, d.h. Mo. - pt., Stunden<br \/>8:00 bis 18:00 Uhr. Sollte ein Sortiment\/Produkt vor\u00fcbergehend nicht vorr\u00e4tig sein, wird die Zeit<br \/>Die Zustellung Ihres Pakets\/Ihrer Sendung kann sich verz\u00f6gern, wor\u00fcber Sie unverz\u00fcglich informiert werden.<br \/>Unser Engagement f\u00fcr die Qualit\u00e4t und Innovation der Marke GEMKIBO hat unser Einzelhandelsgesch\u00e4ft zu einem der besten<br \/>Handelsgesellschaften f\u00fcr den Verkauf von ERN\u00c4HRUNGSMITTELN \u00fcber unseren spezialisierten Online-Shop.<\/p>\n\t\t\t\t\t<\/div>\n\t\t\t\t\t\t<\/div>\n\t\t\t\t<\/div>\n\t\t\t\t<\/div>\n\t\t\t\t\t<\/div>\n\t\t\t\t<\/div>\n\t\t\t\t<\/div>","protected":false},"excerpt":{"rendered":"<p>Koszt Szanowni Pa\u0144stwo, Dla zam\u00f3wie\u0144 jednorazowych, mo\u017cecie Pa\u0144stwo wybra\u0107 jedn\u0105 z poni\u017cszych metody dostawy: 1. Wysy\u0142ki realizujemy za po\u015brednictwem firmy\/firm<\/p>","protected":false},"author":1,"featured_media":0,"parent":0,"menu_order":0,"comment_status":"closed","ping_status":"closed","template":"","meta":{"_acf_changed":false,"_monsterinsights_skip_tracking":false,"_monsterinsights_sitenote_active":false,"_monsterinsights_sitenote_note":"","_monsterinsights_sitenote_category":0,"footnotes":""},"class_list":["post-1072","page","type-page","status-publish","hentry"],"acf":[],"yoast_head":"<!-- This site is optimized with the Yoast SEO plugin v27.3 - https:\/\/yoast.com\/product\/yoast-seo-wordpress\/ -->\n<title>Czas i koszty dostawy | Genkibo<\/title>\n<meta name=\"description\" content=\"Sprawd\u017a czas realizacji i koszty dostawy peptyd\u00f3w w Genkibo. Szybka wysy\u0142ka, dostawa kurierem i paczkomatem. Zam\u00f3w bez problem\u00f3w!\" \/>\n<meta name=\"robots\" content=\"index, follow, max-snippet:-1, max-image-preview:large, max-video-preview:-1\" \/>\n<link rel=\"canonical\" href=\"https:\/\/gemkibo.pl\/de\/czas-i-koszty-dostawy\/\" \/>\n<script type=\"application\/ld+json\" class=\"yoast-schema-graph\">{\"@context\":\"https:\\\/\\\/schema.org\",\"@graph\":[{\"@type\":\"BreadcrumbList\",\"@id\":\"https:\\\/\\\/gemkibo.pl\\\/de\\\/czas-i-koszty-dostawy\\\/#breadcrumb\",\"itemListElement\":[{\"@type\":\"ListItem\",\"position\":1,\"name\":\"Strona g\u0142\u00f3wna\",\"item\":\"https:\\\/\\\/gemkibo.pl\\\/\"},{\"@type\":\"ListItem\",\"position\":2,\"name\":\"Czas i koszty dostawy\"}]}]}<\/script>\n<!-- \/ Yoast SEO plugin. -->","yoast_head_json":{"title":"Lieferzeiten und -kosten | Genkibo","description":"Pr\u00fcfen Sie Lieferzeiten und Kosten f\u00fcr Peptide bei Genkibo. Schneller Versand, Kurier- und Paketzustellung. Bestellen Sie ohne Probleme!","robots":{"index":"index","follow":"follow","max-snippet":"max-snippet:-1","max-image-preview":"max-image-preview:large","max-video-preview":"max-video-preview:-1"},"canonical":"https:\/\/gemkibo.pl\/de\/czas-i-koszty-dostawy\/","schema":{"@context":"https:\/\/schema.org","@graph":[{"@type":"BreadcrumbList","@id":"https:\/\/gemkibo.pl\/de\/czas-i-koszty-dostawy\/#breadcrumb","itemListElement":[{"@type":"ListItem","position":1,"name":"Strona g\u0142\u00f3wna","item":"https:\/\/gemkibo.pl\/"},{"@type":"ListItem","position":2,"name":"Czas i koszty dostawy"}]}]}},"_links":{"self":[{"href":"https:\/\/gemkibo.pl\/de\/wp-json\/wp\/v2\/pages\/1072","targetHints":{"allow":["GET"]}}],"collection":[{"href":"https:\/\/gemkibo.pl\/de\/wp-json\/wp\/v2\/pages"}],"about":[{"href":"https:\/\/gemkibo.pl\/de\/wp-json\/wp\/v2\/types\/page"}],"author":[{"embeddable":true,"href":"https:\/\/gemkibo.pl\/de\/wp-json\/wp\/v2\/users\/1"}],"replies":[{"embeddable":true,"href":"https:\/\/gemkibo.pl\/de\/wp-json\/wp\/v2\/comments?post=1072"}],"version-history":[{"count":0,"href":"https:\/\/gemkibo.pl\/de\/wp-json\/wp\/v2\/pages\/1072\/revisions"}],"wp:attachment":[{"href":"https:\/\/gemkibo.pl\/de\/wp-json\/wp\/v2\/media?parent=1072"}],"curies":[{"name":"wp","href":"https:\/\/api.w.org\/{rel}","templated":true}]}}